{"id":52,"date":"2023-07-21T02:00:36","date_gmt":"2023-07-21T02:00:36","guid":{"rendered":"https:\/\/gaviaspreview.com\/wp\/lestin\/?page_id=52"},"modified":"2025-06-03T02:47:37","modified_gmt":"2025-06-03T02:47:37","slug":"news","status":"publish","type":"page","link":"https:\/\/news.jmprocommunitymedia.org\/","title":{"rendered":"News"},"content":{"rendered":"\t\t<div data-elementor-type=\"wp-page\" data-elementor-id=\"52\" class=\"elementor elementor-52\">\n\t\t\t\t\t\t<section class=\"elementor-section elementor-top-section elementor-element elementor-element-8a959a3 elementor-section-boxed elementor-section-height-default elementor-section-height-default\" data-id=\"8a959a3\" data-element_type=\"section\" data-settings=\"{&quot;background_background&quot;:&quot;slideshow&quot;,&quot;background_slideshow_gallery&quot;:[{&quot;id&quot;:704,&quot;url&quot;:&quot;https:\\\/\\\/news.jmprocommunitymedia.org\\\/wp-content\\\/uploads\\\/2024\\\/11\\\/DSCF0477-Large-e1746473862377.jpeg&quot;},{&quot;id&quot;:705,&quot;url&quot;:&quot;https:\\\/\\\/news.jmprocommunitymedia.org\\\/wp-content\\\/uploads\\\/2024\\\/11\\\/DSCF9161-Large-e1746473891388.jpeg&quot;}],&quot;background_slideshow_ken_burns&quot;:&quot;yes&quot;,&quot;background_slideshow_loop&quot;:&quot;yes&quot;,&quot;background_slideshow_slide_duration&quot;:5000,&quot;background_slideshow_slide_transition&quot;:&quot;fade&quot;,&quot;background_slideshow_transition_duration&quot;:500,&quot;background_slideshow_ken_burns_zoom_direction&quot;:&quot;in&quot;}\">\n\t\t\t\t\t\t<div class=\"elementor-container elementor-column-gap-default\">\n\t\t\t\t\t<div class=\"elementor-column elementor-col-100 elementor-top-column elementor-element elementor-element-315f2b1\" data-id=\"315f2b1\" data-element_type=\"column\">\n\t\t\t<div class=\"elementor-widget-wrap elementor-element-populated\">\n\t\t\t\t\t\t<div class=\"elementor-element elementor-element-0b5a1f6 elementor-widget elementor-widget-gva-heading-block\" data-id=\"0b5a1f6\" data-element_type=\"widget\" data-widget_type=\"gva-heading-block.default\">\n\t\t\t\t<div class=\"elementor-widget-container\">\n\t\t\t\t\t<div class=\"gva-element-gva-heading-block gva-element\">   <div class=\"align-left style-1 widget gsc-heading box-align-left auto-responsive\">\r\n      <div class=\"content-inner\">\r\n         \r\n                  \r\n           \r\n         \r\n                     <h2 class=\"title\">\r\n               <span>Explore News<\/span>\r\n            <\/h2>\r\n                  \r\n                     <div class=\"title-desc\">The latest for you<\/div>\r\n         \r\n         \r\n      <\/div>\r\n   <\/div>\r\n<\/div>\t\t\t\t<\/div>\n\t\t\t\t<\/div>\n\t\t\t\t\t<\/div>\n\t\t<\/div>\n\t\t\t\t\t<\/div>\n\t\t<\/section>\n\t\t\t\t<section class=\"elementor-section elementor-top-section elementor-element elementor-element-6ae1a2a elementor-section-boxed elementor-section-height-default elementor-section-height-default\" data-id=\"6ae1a2a\" data-element_type=\"section\">\n\t\t\t\t\t\t<div class=\"elementor-container elementor-column-gap-default\">\n\t\t\t\t\t<div class=\"elementor-column elementor-col-100 elementor-top-column elementor-element elementor-element-071080c\" data-id=\"071080c\" data-element_type=\"column\">\n\t\t\t<div class=\"elementor-widget-wrap elementor-element-populated\">\n\t\t\t\t\t\t<div class=\"elementor-element elementor-element-acb3a6d elementor-widget elementor-widget-gva-posts\" data-id=\"acb3a6d\" data-element_type=\"widget\" data-widget_type=\"gva-posts.default\">\n\t\t\t\t<div class=\"elementor-widget-container\">\n\t\t\t\t\t<div class=\"gva-element-gva-posts gva-element\">  \r\n  <div class=\"gva-posts-grid clearfix gva-posts\">\r\n\t\t<div class=\"gva-content-items\"> \r\n\t\t  <div class=\"lg-block-grid-3 md-block-grid-3 sm-block-grid-2 xs-block-grid-2 xx-block-grid-1\">\r\n\t\t\t <div class=\"item-columns\">\r\n   <article id=\"post-2780\" class=\"post post-three__single post-2780 type-post status-publish format-standard has-post-thumbnail hentry category-uncategorized\">\r\n      \r\n               <div class=\"post-three__thumbnail\">\r\n            <a href=\"https:\/\/news.jmprocommunitymedia.org\/?p=2780\">\r\n               <img fetchpriority=\"high\" decoding=\"async\" width=\"560\" height=\"370\" src=\"https:\/\/news.jmprocommunitymedia.org\/wp-content\/uploads\/2026\/04\/WhatsApp-Image-2026-04-04-at-4.49.56-PM-560x370.jpeg\" class=\"attachment-post-thumbnail size-post-thumbnail wp-post-image\" alt=\"Aprender, crecer y no rendirse\" \/>            <\/a>\r\n                           <div class=\"post-three__entry-date\">\r\n                  <span class=\"post-three__date\">04<\/span>\r\n                  <span class=\"post-three__month\">Abr<\/span>\r\n               <\/div>\r\n                     <\/div>   \r\n         \r\n\r\n      <div class=\"post-three__content has-thumbnail\">\r\n         <div class=\"post-three__content-inner\">\r\n            \r\n            <div class=\"post-three__meta\">\r\n               <div class=\"clearfix meta-inline post-meta-1\"><span class=\"author vcard\"><i class=\"far fa-user-circle\"><\/i>adminNews<\/span><span class=\"post-comment\"><i class=\"far fa-comments\"><\/i>0 Comments<\/span><\/div>            <\/div>\r\n\r\n            <h3 class=\"post-three__title\"><a href=\"https:\/\/news.jmprocommunitymedia.org\/?p=2780\" rel=\"bookmark\">Aprender, crecer y no rendirse<\/a><\/h3>\r\n            \r\n                           <div class=\"post-three__desc\">\r\n                  Laura Salas, originaria de San Jos\u00e9, Costa Rica, comparte su inspiradora historia de vida desde               <\/div>   \r\n            \r\n            <div class=\"post-three__footer\">\r\n               <div class=\"post-three__category\"><span class=\"cat-links\"><i class=\"fa-solid fa-tags\"><\/i><a href=\"https:\/\/news.jmprocommunitymedia.org\/?cat=1\" rel=\"category\">Rapid Response<\/a><\/span><\/div>               <div class=\"post-three__read-more\">\r\n                  <a href=\"https:\/\/news.jmprocommunitymedia.org\/?p=2780\" aria-label=\"link\"><i class=\"post-three__arrow fa-solid fa-arrow-right\"><\/i><\/a>\r\n               <\/div>\r\n            <\/div>   \r\n\r\n         <\/div>\r\n      <\/div>   \r\n   <\/article>   \r\n\r\n  <\/div><div class=\"item-columns\">\r\n   <article id=\"post-2777\" class=\"post post-three__single post-2777 type-post status-publish format-standard has-post-thumbnail hentry category-uncategorized\">\r\n      \r\n               <div class=\"post-three__thumbnail\">\r\n            <a href=\"https:\/\/news.jmprocommunitymedia.org\/?p=2777\">\r\n               <img decoding=\"async\" width=\"560\" height=\"370\" src=\"https:\/\/news.jmprocommunitymedia.org\/wp-content\/uploads\/2026\/04\/WhatsApp-Image-2026-04-04-at-4.44.03-PM-560x370.jpeg\" class=\"attachment-post-thumbnail size-post-thumbnail wp-post-image\" alt=\"Clases gratuitas para prevenir la diabetes en tu comunidad\" \/>            <\/a>\r\n                           <div class=\"post-three__entry-date\">\r\n                  <span class=\"post-three__date\">04<\/span>\r\n                  <span class=\"post-three__month\">Abr<\/span>\r\n               <\/div>\r\n                     <\/div>   \r\n         \r\n\r\n      <div class=\"post-three__content has-thumbnail\">\r\n         <div class=\"post-three__content-inner\">\r\n            \r\n            <div class=\"post-three__meta\">\r\n               <div class=\"clearfix meta-inline post-meta-1\"><span class=\"author vcard\"><i class=\"far fa-user-circle\"><\/i>adminNews<\/span><span class=\"post-comment\"><i class=\"far fa-comments\"><\/i>0 Comments<\/span><\/div>            <\/div>\r\n\r\n            <h3 class=\"post-three__title\"><a href=\"https:\/\/news.jmprocommunitymedia.org\/?p=2777\" rel=\"bookmark\">Clases gratuitas para prevenir la diabetes en tu comunidad<\/a><\/h3>\r\n            \r\n                           <div class=\"post-three__desc\">\r\n                  Desde las instalaciones del YMCA, nuestra reportera comunitaria Lucy nos comparte una valiosa oportunidad para               <\/div>   \r\n            \r\n            <div class=\"post-three__footer\">\r\n               <div class=\"post-three__category\"><span class=\"cat-links\"><i class=\"fa-solid fa-tags\"><\/i><a href=\"https:\/\/news.jmprocommunitymedia.org\/?cat=1\" rel=\"category\">Rapid Response<\/a><\/span><\/div>               <div class=\"post-three__read-more\">\r\n                  <a href=\"https:\/\/news.jmprocommunitymedia.org\/?p=2777\" aria-label=\"link\"><i class=\"post-three__arrow fa-solid fa-arrow-right\"><\/i><\/a>\r\n               <\/div>\r\n            <\/div>   \r\n\r\n         <\/div>\r\n      <\/div>   \r\n   <\/article>   \r\n\r\n  <\/div><div class=\"item-columns\">\r\n   <article id=\"post-2774\" class=\"post post-three__single post-2774 type-post status-publish format-standard has-post-thumbnail hentry category-uncategorized\">\r\n      \r\n               <div class=\"post-three__thumbnail\">\r\n            <a href=\"https:\/\/news.jmprocommunitymedia.org\/?p=2774\">\r\n               <img decoding=\"async\" width=\"488\" height=\"370\" src=\"https:\/\/news.jmprocommunitymedia.org\/wp-content\/uploads\/2026\/04\/WhatsApp-Image-2026-04-04-at-4.37.57-PM-488x370.jpeg\" class=\"attachment-post-thumbnail size-post-thumbnail wp-post-image\" alt=\"La puntualidad tambi\u00e9n es respeto\" \/>            <\/a>\r\n                           <div class=\"post-three__entry-date\">\r\n                  <span class=\"post-three__date\">04<\/span>\r\n                  <span class=\"post-three__month\">Abr<\/span>\r\n               <\/div>\r\n                     <\/div>   \r\n         \r\n\r\n      <div class=\"post-three__content has-thumbnail\">\r\n         <div class=\"post-three__content-inner\">\r\n            \r\n            <div class=\"post-three__meta\">\r\n               <div class=\"clearfix meta-inline post-meta-1\"><span class=\"author vcard\"><i class=\"far fa-user-circle\"><\/i>adminNews<\/span><span class=\"post-comment\"><i class=\"far fa-comments\"><\/i>0 Comments<\/span><\/div>            <\/div>\r\n\r\n            <h3 class=\"post-three__title\"><a href=\"https:\/\/news.jmprocommunitymedia.org\/?p=2774\" rel=\"bookmark\">La puntualidad tambi\u00e9n es respeto<\/a><\/h3>\r\n            \r\n                           <div class=\"post-three__desc\">\r\n                  Muy buenos d\u00edas, querida comunidad. Desde JMPro Community Media, Dayana L\u00f3pez nos invita a reflexionar               <\/div>   \r\n            \r\n            <div class=\"post-three__footer\">\r\n               <div class=\"post-three__category\"><span class=\"cat-links\"><i class=\"fa-solid fa-tags\"><\/i><a href=\"https:\/\/news.jmprocommunitymedia.org\/?cat=1\" rel=\"category\">Rapid Response<\/a><\/span><\/div>               <div class=\"post-three__read-more\">\r\n                  <a href=\"https:\/\/news.jmprocommunitymedia.org\/?p=2774\" aria-label=\"link\"><i class=\"post-three__arrow fa-solid fa-arrow-right\"><\/i><\/a>\r\n               <\/div>\r\n            <\/div>   \r\n\r\n         <\/div>\r\n      <\/div>   \r\n   <\/article>   \r\n\r\n  <\/div><div class=\"item-columns\">\r\n   <article id=\"post-2771\" class=\"post post-three__single post-2771 type-post status-publish format-standard has-post-thumbnail hentry category-uncategorized\">\r\n      \r\n               <div class=\"post-three__thumbnail\">\r\n            <a href=\"https:\/\/news.jmprocommunitymedia.org\/?p=2771\">\r\n               <img loading=\"lazy\" decoding=\"async\" width=\"492\" height=\"370\" src=\"https:\/\/news.jmprocommunitymedia.org\/wp-content\/uploads\/2026\/04\/WhatsApp-Image-2026-04-04-at-4.33.56-PM-492x370.jpeg\" class=\"attachment-post-thumbnail size-post-thumbnail wp-post-image\" alt=\"Ser due\u00f1os responsables tambi\u00e9n es amor\" \/>            <\/a>\r\n                           <div class=\"post-three__entry-date\">\r\n                  <span class=\"post-three__date\">04<\/span>\r\n                  <span class=\"post-three__month\">Abr<\/span>\r\n               <\/div>\r\n                     <\/div>   \r\n         \r\n\r\n      <div class=\"post-three__content has-thumbnail\">\r\n         <div class=\"post-three__content-inner\">\r\n            \r\n            <div class=\"post-three__meta\">\r\n               <div class=\"clearfix meta-inline post-meta-1\"><span class=\"author vcard\"><i class=\"far fa-user-circle\"><\/i>adminNews<\/span><span class=\"post-comment\"><i class=\"far fa-comments\"><\/i>0 Comments<\/span><\/div>            <\/div>\r\n\r\n            <h3 class=\"post-three__title\"><a href=\"https:\/\/news.jmprocommunitymedia.org\/?p=2771\" rel=\"bookmark\">Ser due\u00f1os responsables tambi\u00e9n es amor<\/a><\/h3>\r\n            \r\n                           <div class=\"post-three__desc\">\r\n                  Muy buenos d\u00edas, querida comunidad. Hoy en JMPro Community Media, Dayana L\u00f3pez nos invita a               <\/div>   \r\n            \r\n            <div class=\"post-three__footer\">\r\n               <div class=\"post-three__category\"><span class=\"cat-links\"><i class=\"fa-solid fa-tags\"><\/i><a href=\"https:\/\/news.jmprocommunitymedia.org\/?cat=1\" rel=\"category\">Rapid Response<\/a><\/span><\/div>               <div class=\"post-three__read-more\">\r\n                  <a href=\"https:\/\/news.jmprocommunitymedia.org\/?p=2771\" aria-label=\"link\"><i class=\"post-three__arrow fa-solid fa-arrow-right\"><\/i><\/a>\r\n               <\/div>\r\n            <\/div>   \r\n\r\n         <\/div>\r\n      <\/div>   \r\n   <\/article>   \r\n\r\n  <\/div><div class=\"item-columns\">\r\n   <article id=\"post-2768\" class=\"post post-three__single post-2768 type-post status-publish format-standard has-post-thumbnail hentry category-uncategorized\">\r\n      \r\n               <div class=\"post-three__thumbnail\">\r\n            <a href=\"https:\/\/news.jmprocommunitymedia.org\/?p=2768\">\r\n               <img loading=\"lazy\" decoding=\"async\" width=\"492\" height=\"370\" src=\"https:\/\/news.jmprocommunitymedia.org\/wp-content\/uploads\/2026\/04\/WhatsApp-Image-2026-04-04-at-4.28.20-PM-492x370.jpeg\" class=\"attachment-post-thumbnail size-post-thumbnail wp-post-image\" alt=\"El poder de mencionar palabras de cortes\u00eda\" \/>            <\/a>\r\n                           <div class=\"post-three__entry-date\">\r\n                  <span class=\"post-three__date\">04<\/span>\r\n                  <span class=\"post-three__month\">Abr<\/span>\r\n               <\/div>\r\n                     <\/div>   \r\n         \r\n\r\n      <div class=\"post-three__content has-thumbnail\">\r\n         <div class=\"post-three__content-inner\">\r\n            \r\n            <div class=\"post-three__meta\">\r\n               <div class=\"clearfix meta-inline post-meta-1\"><span class=\"author vcard\"><i class=\"far fa-user-circle\"><\/i>adminNews<\/span><span class=\"post-comment\"><i class=\"far fa-comments\"><\/i>0 Comments<\/span><\/div>            <\/div>\r\n\r\n            <h3 class=\"post-three__title\"><a href=\"https:\/\/news.jmprocommunitymedia.org\/?p=2768\" rel=\"bookmark\">El poder de mencionar palabras de cortes\u00eda<\/a><\/h3>\r\n            \r\n                           <div class=\"post-three__desc\">\r\n                  Muy buenos d\u00edas, querida comunidad. Soy Dayana L\u00f3pez y desde JMPro Community Media hoy queremos               <\/div>   \r\n            \r\n            <div class=\"post-three__footer\">\r\n               <div class=\"post-three__category\"><span class=\"cat-links\"><i class=\"fa-solid fa-tags\"><\/i><a href=\"https:\/\/news.jmprocommunitymedia.org\/?cat=1\" rel=\"category\">Rapid Response<\/a><\/span><\/div>               <div class=\"post-three__read-more\">\r\n                  <a href=\"https:\/\/news.jmprocommunitymedia.org\/?p=2768\" aria-label=\"link\"><i class=\"post-three__arrow fa-solid fa-arrow-right\"><\/i><\/a>\r\n               <\/div>\r\n            <\/div>   \r\n\r\n         <\/div>\r\n      <\/div>   \r\n   <\/article>   \r\n\r\n  <\/div><div class=\"item-columns\">\r\n   <article id=\"post-2765\" class=\"post post-three__single post-2765 type-post status-publish format-standard has-post-thumbnail hentry category-uncategorized\">\r\n      \r\n               <div class=\"post-three__thumbnail\">\r\n            <a href=\"https:\/\/news.jmprocommunitymedia.org\/?p=2765\">\r\n               <img loading=\"lazy\" decoding=\"async\" width=\"492\" height=\"370\" src=\"https:\/\/news.jmprocommunitymedia.org\/wp-content\/uploads\/2026\/03\/WhatsApp-Image-2026-03-25-at-6.08.28-PM-492x370.jpeg\" class=\"attachment-post-thumbnail size-post-thumbnail wp-post-image\" alt=\"Hidratarse no s\u00f3lo con agua\" \/>            <\/a>\r\n                           <div class=\"post-three__entry-date\">\r\n                  <span class=\"post-three__date\">25<\/span>\r\n                  <span class=\"post-three__month\">Mar<\/span>\r\n               <\/div>\r\n                     <\/div>   \r\n         \r\n\r\n      <div class=\"post-three__content has-thumbnail\">\r\n         <div class=\"post-three__content-inner\">\r\n            \r\n            <div class=\"post-three__meta\">\r\n               <div class=\"clearfix meta-inline post-meta-1\"><span class=\"author vcard\"><i class=\"far fa-user-circle\"><\/i>adminNews<\/span><span class=\"post-comment\"><i class=\"far fa-comments\"><\/i>0 Comments<\/span><\/div>            <\/div>\r\n\r\n            <h3 class=\"post-three__title\"><a href=\"https:\/\/news.jmprocommunitymedia.org\/?p=2765\" rel=\"bookmark\">Hidratarse no s\u00f3lo con agua<\/a><\/h3>\r\n            \r\n                           <div class=\"post-three__desc\">\r\n                  Siempre escuchamos que tomar dos litros de agua al d\u00eda es importante, pero la hidrataci\u00f3n               <\/div>   \r\n            \r\n            <div class=\"post-three__footer\">\r\n               <div class=\"post-three__category\"><span class=\"cat-links\"><i class=\"fa-solid fa-tags\"><\/i><a href=\"https:\/\/news.jmprocommunitymedia.org\/?cat=1\" rel=\"category\">Rapid Response<\/a><\/span><\/div>               <div class=\"post-three__read-more\">\r\n                  <a href=\"https:\/\/news.jmprocommunitymedia.org\/?p=2765\" aria-label=\"link\"><i class=\"post-three__arrow fa-solid fa-arrow-right\"><\/i><\/a>\r\n               <\/div>\r\n            <\/div>   \r\n\r\n         <\/div>\r\n      <\/div>   \r\n   <\/article>   \r\n\r\n  <\/div>\t\t  <\/div>\r\n\t\t<\/div>\r\n\t\t\t\t\t <div class=\"pagination\">\r\n\t\t\t\t  <div class=\"column one pager_wrapper\"><div class=\"pager\"><div class=\"paginations\"><a href=\"https:\/\/news.jmprocommunitymedia.org\/index.php?rest_route=%2Fwp%2Fv2%2Fpages%2F52\" class=\"page-item active\">1<\/a><a href=\"https:\/\/news.jmprocommunitymedia.org\/index.php?rest_route=%2Fwp%2Fv2%2Fpages%2F52&#038;paged=2\" class=\"page-item\">2<\/a><a href=\"https:\/\/news.jmprocommunitymedia.org\/index.php?rest_route=%2Fwp%2Fv2%2Fpages%2F52&#038;paged=3\" class=\"page-item\">3<\/a><span class=\"page-item\">... <\/span><a href=\"https:\/\/news.jmprocommunitymedia.org\/index.php?rest_route=%2Fwp%2Fv2%2Fpages%2F52&#038;paged=73\" class=\"page-item\">73<\/a><a class=\"next_page\" href=\"https:\/\/news.jmprocommunitymedia.org\/index.php?rest_route=%2Fwp%2Fv2%2Fpages%2F52&#038;paged=2\"><i class=\"fas fa-chevron-right\"><\/i><\/a><\/div><\/div><\/div>\n\t\t\t <\/div>\r\n\t\t  <\/div>\r\n  <\/div>\t\t\t\t<\/div>\n\t\t\t\t<\/div>\n\t\t\t\t\t<\/div>\n\t\t<\/div>\n\t\t\t\t\t<\/div>\n\t\t<\/section>\n\t\t\t\t<\/div>\n\t\t","protected":false},"excerpt":{"rendered":"<p>Explore News The latest for you 02 May adminNews0 Comments Asheville Parks &amp; Recreation, el 04 de Mayo realizar\u00e1 un evento denominado: D\u00eda de Peque\u00f1os Tykes Este domingo 4 de [&hellip;]<\/p>\n","protected":false},"author":1,"featured_media":0,"parent":0,"menu_order":0,"comment_status":"closed","ping_status":"closed","template":"","meta":{"footnotes":""},"class_list":["post-52","page","type-page","status-publish","hentry"],"_links":{"self":[{"href":"https:\/\/news.jmprocommunitymedia.org\/index.php?rest_route=\/wp\/v2\/pages\/52","targetHints":{"allow":["GET"]}}],"collection":[{"href":"https:\/\/news.jmprocommunitymedia.org\/index.php?rest_route=\/wp\/v2\/pages"}],"about":[{"href":"https:\/\/news.jmprocommunitymedia.org\/index.php?rest_route=\/wp\/v2\/types\/page"}],"author":[{"embeddable":true,"href":"https:\/\/news.jmprocommunitymedia.org\/index.php?rest_route=\/wp\/v2\/users\/1"}],"replies":[{"embeddable":true,"href":"https:\/\/news.jmprocommunitymedia.org\/index.php?rest_route=%2Fwp%2Fv2%2Fcomments&post=52"}],"version-history":[{"count":14,"href":"https:\/\/news.jmprocommunitymedia.org\/index.php?rest_route=\/wp\/v2\/pages\/52\/revisions"}],"predecessor-version":[{"id":1868,"href":"https:\/\/news.jmprocommunitymedia.org\/index.php?rest_route=\/wp\/v2\/pages\/52\/revisions\/1868"}],"wp:attachment":[{"href":"https:\/\/news.jmprocommunitymedia.org\/index.php?rest_route=%2Fwp%2Fv2%2Fmedia&parent=52"}],"curies":[{"name":"wp","href":"https:\/\/api.w.org\/{rel}","templated":true}]}}